{"id":480,"date":"2024-11-22T22:27:36","date_gmt":"2024-11-22T21:27:36","guid":{"rendered":"https:\/\/dev.rekruter.si\/?page_id=480"},"modified":"2025-01-20T13:53:02","modified_gmt":"2025-01-20T12:53:02","slug":"job-seekers","status":"publish","type":"page","link":"https:\/\/rekruter.si\/?page_id=480","title":{"rendered":"Job Seekers"},"content":{"rendered":"<p>[et_pb_section fb_built=&#8221;1&#8243; _builder_version=&#8221;4.27.2&#8243; _module_preset=&#8221;default&#8221; background_image=&#8221;https:\/\/rekruter.si\/wp-content\/uploads\/2024\/11\/hero-iskalci-2-scaled.jpg&#8221; custom_padding=&#8221;80px||80px|||&#8221; background_last_edited=&#8221;on|phone&#8221; use_background_color_gradient_phone=&#8221;on&#8221; background_color_gradient_stops_phone=&#8221;#10161d 0%|rgba(16,22,29,0) 100%&#8221; background_color_gradient_overlays_image_phone=&#8221;on&#8221; background_position_tablet=&#8221;bottom_right&#8221; background_position_phone=&#8221;bottom_right&#8221; global_colors_info=&#8221;{}&#8221;][et_pb_row column_structure=&#8221;1_2,1_2&#8243; _builder_version=&#8221;4.27.2&#8243; _module_preset=&#8221;default&#8221; global_colors_info=&#8221;{}&#8221;][et_pb_column type=&#8221;1_2&#8243; _builder_version=&#8221;4.27.2&#8243; _module_preset=&#8221;default&#8221; global_colors_info=&#8221;{}&#8221;][et_pb_text _builder_version=&#8221;4.27.3&#8243; _module_preset=&#8221;default&#8221; text_text_color=&#8221;#C6D2DB&#8221; text_letter_spacing=&#8221;6px&#8221; custom_margin=&#8221;||16px||false|false&#8221; global_colors_info=&#8221;{}&#8221;]<\/p>\n<p>JOB SEEKERS<\/p>\n<p>[\/et_pb_text][et_pb_text _builder_version=&#8221;4.27.3&#8243; _module_preset=&#8221;default&#8221; header_font=&#8221;|800|||||||&#8221; header_text_color=&#8221;#F2F5F7&#8243; header_font_size=&#8221;56px&#8221; header_line_height=&#8221;1.1em&#8221; custom_margin=&#8221;||24px||false|false&#8221; global_colors_info=&#8221;{}&#8221;]<\/p>\n<h1>Are You Ready <br \/>for Something Better?<\/h1>\n<p>[\/et_pb_text][et_pb_text _builder_version=&#8221;4.27.3&#8243; _module_preset=&#8221;default&#8221; header_3_text_color=&#8221;#C6D2DB&#8221; header_3_font_size=&#8221;18px&#8221; header_3_line_height=&#8221;1.5em&#8221; global_colors_info=&#8221;{}&#8221;]<\/p>\n<h3>A Different and Better Career is Just One Click Away.<\/h3>\n<p>[\/et_pb_text][et_pb_button button_url=&#8221;https:\/\/zaposlitev.rekruter.si\/jobs&#8221; url_new_window=&#8221;on&#8221; button_text=&#8221;Job Openings&#8221; admin_label=&#8221;Button &#8211; Log In&#8221; _builder_version=&#8221;4.27.4&#8243; _module_preset=&#8221;default&#8221; custom_button=&#8221;on&#8221; button_text_size=&#8221;12px&#8221; button_text_color=&#8221;#FFFFFF&#8221; button_bg_use_color_gradient=&#8221;on&#8221; button_bg_color_gradient_direction=&#8221;215deg&#8221; button_bg_color_gradient_stops=&#8221;#941a25 0%|#e31e37 100%&#8221; button_border_width=&#8221;0px&#8221; button_border_color=&#8221;#2C3333&#8243; button_border_radius=&#8221;3px&#8221; button_font=&#8221;&#8211;et_global_body_font|700|||||||&#8221; button_use_icon=&#8221;off&#8221; custom_margin=&#8221;|0px|0px|0px|false|false&#8221; custom_padding=&#8221;13px|40px|13px|40px|true|true&#8221; custom_css_main_element=&#8221;display: inline-block;||&#8221; box_shadow_style=&#8221;preset3&#8243; box_shadow_vertical=&#8221;3px&#8221; box_shadow_blur=&#8221;10px&#8221; box_shadow_color=&#8221;rgba(0,0,0,0.15)&#8221; locked=&#8221;off&#8221; global_colors_info=&#8221;%91%93&#8243; custom_padding__hover_enabled=&#8221;on|desktop&#8221; custom_padding__hover=&#8221;|40px||40px|false|false&#8221; button_bg_color__hover_enabled=&#8221;on|hover&#8221; button_bg_use_color_gradient__hover=&#8221;on&#8221; button_bg_color__hover=&#8221;#941A25&#8243; button_bg_enable_color__hover=&#8221;on&#8221; button_bg_color_gradient_stops__hover=&#8221;#941a25 0%|#e31e37 100%&#8221; button_bg_color_gradient_direction__hover=&#8221;21deg&#8221;][\/et_pb_button][\/et_pb_column][et_pb_column type=&#8221;1_2&#8243; _builder_version=&#8221;4.27.2&#8243; _module_preset=&#8221;default&#8221; global_colors_info=&#8221;{}&#8221;][\/et_pb_column][\/et_pb_row][\/et_pb_section][et_pb_section fb_built=&#8221;1&#8243; module_id=&#8221;zakaj&#8221; _builder_version=&#8221;4.27.2&#8243; _module_preset=&#8221;default&#8221; background_color=&#8221;#e9eff4&#8243; custom_padding=&#8221;120px||80px|||&#8221; global_colors_info=&#8221;{}&#8221;][et_pb_row column_structure=&#8221;1_2,1_2&#8243; _builder_version=&#8221;4.27.2&#8243; _module_preset=&#8221;default&#8221; custom_padding=&#8221;1px|||||&#8221; global_colors_info=&#8221;{}&#8221;][et_pb_column type=&#8221;1_2&#8243; _builder_version=&#8221;4.27.2&#8243; _module_preset=&#8221;default&#8221; global_colors_info=&#8221;{}&#8221;][et_pb_text _builder_version=&#8221;4.27.3&#8243; _module_preset=&#8221;default&#8221; header_3_font=&#8221;|300|||||||&#8221; header_3_text_color=&#8221;#10161D&#8221; header_3_font_size=&#8221;32px&#8221; header_3_line_height=&#8221;1.3em&#8221; global_colors_info=&#8221;{}&#8221;]<\/p>\n<h3>Searching for a job or changing it can be a stressful experience that significantly impacts <span style=\"color: #e31e37;\"><strong>your quality of life<\/strong><\/span>.<\/h3>\n<p>&nbsp;[\/et_pb_text][\/et_pb_column][et_pb_column type=&#8221;1_2&#8243; _builder_version=&#8221;4.27.2&#8243; _module_preset=&#8221;default&#8221; background_color=&#8221;#10161D&#8221; custom_padding=&#8221;40px|40px|40px|40px|true|true&#8221; border_radii=&#8221;on|5px|5px|5px|5px&#8221; global_colors_info=&#8221;{}&#8221;][et_pb_text _builder_version=&#8221;4.27.3&#8243; _module_preset=&#8221;default&#8221; text_text_color=&#8221;#F2F5F7&#8243; text_font_size=&#8221;16px&#8221; text_line_height=&#8221;1.6em&#8221; global_colors_info=&#8221;{}&#8221;]<\/p>\n<p>To make the transition to a new job as smooth and quick as possible, we also support job seekers with our expertise and experience. We collaborate with over 150 successful companies, enabling us to determine if one of them aligns with your ambitions quickly.<\/p>\n<p>[\/et_pb_text][et_pb_button button_url=&#8221;https:\/\/zaposlitev.rekruter.si\/jobs&#8221; url_new_window=&#8221;on&#8221; button_text=&#8221;Job Openings&#8221; admin_label=&#8221;Button &#8211; Log In&#8221; _builder_version=&#8221;4.27.4&#8243; _module_preset=&#8221;default&#8221; custom_button=&#8221;on&#8221; button_text_size=&#8221;12px&#8221; button_text_color=&#8221;#FFFFFF&#8221; button_bg_use_color_gradient=&#8221;on&#8221; button_bg_color_gradient_direction=&#8221;215deg&#8221; button_bg_color_gradient_stops=&#8221;#941a25 0%|#e31e37 100%&#8221; button_border_width=&#8221;0px&#8221; button_border_color=&#8221;#2C3333&#8243; button_border_radius=&#8221;3px&#8221; button_font=&#8221;&#8211;et_global_body_font|700|||||||&#8221; button_use_icon=&#8221;off&#8221; custom_margin=&#8221;|16px|0px||false|false&#8221; custom_padding=&#8221;13px|40px|13px|40px|true|true&#8221; hover_enabled=&#8221;0&#8243; box_shadow_style=&#8221;preset3&#8243; box_shadow_vertical=&#8221;3px&#8221; box_shadow_blur=&#8221;10px&#8221; box_shadow_color=&#8221;rgba(0,0,0,0.15)&#8221; locked=&#8221;off&#8221; global_colors_info=&#8221;%91%93&#8243; custom_padding__hover_enabled=&#8221;on|desktop&#8221; custom_padding__hover=&#8221;|40px||40px|false|false&#8221; button_bg_color__hover_enabled=&#8221;on|hover&#8221; button_bg_use_color_gradient__hover=&#8221;on&#8221; button_bg_color__hover=&#8221;#941A25&#8243; button_bg_enable_color__hover=&#8221;on&#8221; button_bg_color_gradient_stops__hover=&#8221;#941a25 0%|#e31e37 100%&#8221; button_bg_color_gradient_direction__hover=&#8221;21deg&#8221; sticky_enabled=&#8221;0&#8243;][\/et_pb_button][\/et_pb_column][\/et_pb_row][\/et_pb_section][et_pb_section fb_built=&#8221;1&#8243; _builder_version=&#8221;4.27.2&#8243; _module_preset=&#8221;default&#8221; background_image=&#8221;https:\/\/rekruter.si\/wp-content\/uploads\/2024\/10\/backround-circles.png&#8221; custom_padding=&#8221;120px||40px||false|false&#8221; global_colors_info=&#8221;{}&#8221;][et_pb_row column_structure=&#8221;1_2,1_2&#8243; make_equal=&#8221;on&#8221; _builder_version=&#8221;4.27.2&#8243; _module_preset=&#8221;default&#8221; use_background_color_gradient=&#8221;on&#8221; background_color_gradient_type=&#8221;circular&#8221; background_color_gradient_direction_radial=&#8221;bottom right&#8221; background_color_gradient_stops=&#8221;#344550 0%|#10161d 100%&#8221; position_origin_r=&#8221;bottom_left&#8221; custom_margin=&#8221;||120px||false|false&#8221; custom_padding=&#8221;0px|0px|0px|0px|true|true&#8221; border_radii=&#8221;on|10px|10px|10px|10px&#8221; box_shadow_style=&#8221;preset1&#8243; global_colors_info=&#8221;{}&#8221;][et_pb_column type=&#8221;1_2&#8243; disabled_on=&#8221;on|on|off&#8221; _builder_version=&#8221;4.27.2&#8243; _module_preset=&#8221;default&#8221; background_image=&#8221;https:\/\/rekruter.si\/wp-content\/uploads\/2024\/11\/woman-img-2-1.png&#8221; background_position=&#8221;center_right&#8221; background_last_edited=&#8221;off|phone&#8221; global_colors_info=&#8221;{}&#8221;][\/et_pb_column][et_pb_column type=&#8221;1_2&#8243; _builder_version=&#8221;4.27.2&#8243; _module_preset=&#8221;default&#8221; custom_padding=&#8221;80px|40px|80px|24px|false|false&#8221; background_last_edited=&#8221;on|tablet&#8221; use_background_color_gradient_tablet=&#8221;on&#8221; background_color_gradient_direction_tablet=&#8221;84deg&#8221; background_color_gradient_stops_tablet=&#8221;#10161d 26%|rgba(16,22,29,0) 100%&#8221; background_color_gradient_overlays_image_tablet=&#8221;on&#8221; background_image_tablet=&#8221;https:\/\/rekruter.si\/wp-content\/uploads\/2024\/11\/woman-img-2-1.png&#8221; background_enable_image_tablet=&#8221;on&#8221; background_blend_tablet=&#8221;normal&#8221; global_colors_info=&#8221;{}&#8221;][et_pb_text _builder_version=&#8221;4.27.3&#8243; _module_preset=&#8221;default&#8221; text_text_color=&#8221;#C6D2DB&#8221; text_letter_spacing=&#8221;6px&#8221; custom_margin=&#8221;||10px|||&#8221; global_colors_info=&#8221;{}&#8221;]<\/p>\n<p>IT SECTOR<\/p>\n<p>[\/et_pb_text][et_pb_text _builder_version=&#8221;4.27.3&#8243; _module_preset=&#8221;default&#8221; text_font=&#8221;||||||||&#8221; text_text_color=&#8221;#F2F5F7&#8243; text_font_size=&#8221;16px&#8221; text_line_height=&#8221;1.6em&#8221; custom_margin=&#8221;||40px|||&#8221; global_colors_info=&#8221;{}&#8221;]<\/p>\n<p>Employers from technology, development, and advanced programming solutions frequently seek our assistance. This has provided us with extensive experience finding candidates for these specialized positions. For job seekers in the IT sector, we also offer a dedicated website featuring available job opportunities.<\/p>\n<p>[\/et_pb_text][et_pb_button button_url=&#8221;https:\/\/careers.rekrutech.si\/jobs&#8221; url_new_window=&#8221;on&#8221; button_text=&#8221;IT Job Openings&#8221; admin_label=&#8221;Button &#8211; Log In&#8221; _builder_version=&#8221;4.27.4&#8243; _module_preset=&#8221;default&#8221; custom_button=&#8221;on&#8221; button_text_size=&#8221;12px&#8221; button_text_color=&#8221;#FFFFFF&#8221; button_bg_use_color_gradient=&#8221;on&#8221; button_bg_color_gradient_direction=&#8221;215deg&#8221; button_bg_color_gradient_stops=&#8221;#941a25 0%|#e31e37 100%&#8221; button_border_width=&#8221;0px&#8221; button_border_color=&#8221;#2C3333&#8243; button_border_radius=&#8221;3px&#8221; button_font=&#8221;&#8211;et_global_body_font|700|||||||&#8221; button_use_icon=&#8221;off&#8221; custom_margin=&#8221;|16px|0px||false|false&#8221; custom_padding=&#8221;13px|40px|13px|40px|true|true&#8221; hover_enabled=&#8221;0&#8243; box_shadow_style=&#8221;preset3&#8243; box_shadow_vertical=&#8221;3px&#8221; box_shadow_blur=&#8221;10px&#8221; box_shadow_color=&#8221;rgba(0,0,0,0.15)&#8221; locked=&#8221;off&#8221; global_colors_info=&#8221;%91%93&#8243; custom_padding__hover_enabled=&#8221;on|desktop&#8221; custom_padding__hover=&#8221;|40px||40px|false|false&#8221; button_bg_color__hover_enabled=&#8221;on|hover&#8221; button_bg_use_color_gradient__hover=&#8221;on&#8221; button_bg_color__hover=&#8221;#941A25&#8243; button_bg_enable_color__hover=&#8221;on&#8221; button_bg_color_gradient_stops__hover=&#8221;#941a25 0%|#e31e37 100%&#8221; button_bg_color_gradient_direction__hover=&#8221;21deg&#8221; sticky_enabled=&#8221;0&#8243;][\/et_pb_button][\/et_pb_column][\/et_pb_row][\/et_pb_section][et_pb_section fb_built=&#8221;1&#8243; _builder_version=&#8221;4.27.2&#8243; _module_preset=&#8221;default&#8221; use_background_color_gradient=&#8221;on&#8221; background_color_gradient_type=&#8221;circular&#8221; background_color_gradient_direction_radial=&#8221;bottom right&#8221; background_color_gradient_stops=&#8221;#344550 0%|#10161d 99%&#8221; background_image=&#8221;https:\/\/rekruter.si\/wp-content\/uploads\/2024\/11\/hero-kontakt-3-scaled.jpg&#8221; custom_padding=&#8221;120px||80px|||&#8221; global_colors_info=&#8221;{}&#8221;][et_pb_row column_structure=&#8221;1_2,1_2&#8243; _builder_version=&#8221;4.27.2&#8243; _module_preset=&#8221;default&#8221; global_colors_info=&#8221;{}&#8221;][et_pb_column type=&#8221;1_2&#8243; _builder_version=&#8221;4.27.2&#8243; _module_preset=&#8221;default&#8221; global_colors_info=&#8221;{}&#8221;][et_pb_text _builder_version=&#8221;4.27.3&#8243; _module_preset=&#8221;default&#8221; header_3_font=&#8221;|800|||||||&#8221; header_3_text_color=&#8221;#F2F5F7&#8243; header_3_font_size=&#8221;32px&#8221; header_3_line_height=&#8221;1.3em&#8221; global_colors_info=&#8221;{}&#8221;]<\/p>\n<h3>Our service is <span style=\"color: #e31e37;\">customized for you<\/span>, matching your experience and skills.<\/h3>\n<p>[\/et_pb_text][et_pb_text _builder_version=&#8221;4.27.3&#8243; _module_preset=&#8221;default&#8221; text_text_color=&#8221;#F2F5F7&#8243; text_font_size=&#8221;16px&#8221; text_line_height=&#8221;1.6em&#8221; global_colors_info=&#8221;{}&#8221;]<\/p>\n<p>Our industry experts will listen to your aspirations and share your story with the most reputable employers. Additionally, they will guide you in your career development, assist with interview preparations, and help you write your next career chapter, empowering you and putting you in control of your career journey.<\/p>\n<p>[\/et_pb_text][et_pb_button button_url=&#8221;https:\/\/zaposlitev.rekruter.si\/jobs&#8221; url_new_window=&#8221;on&#8221; button_text=&#8221;Job Openings&#8221; admin_label=&#8221;Button &#8211; Log In&#8221; _builder_version=&#8221;4.27.4&#8243; _module_preset=&#8221;default&#8221; custom_button=&#8221;on&#8221; button_text_size=&#8221;12px&#8221; button_text_color=&#8221;#FFFFFF&#8221; button_bg_use_color_gradient=&#8221;on&#8221; button_bg_color_gradient_direction=&#8221;215deg&#8221; button_bg_color_gradient_stops=&#8221;#941a25 0%|#e31e37 100%&#8221; button_border_width=&#8221;0px&#8221; button_border_color=&#8221;#2C3333&#8243; button_border_radius=&#8221;3px&#8221; button_font=&#8221;&#8211;et_global_body_font|700|||||||&#8221; button_use_icon=&#8221;off&#8221; custom_margin=&#8221;|16px|0px||false|false&#8221; custom_padding=&#8221;13px|40px|13px|40px|true|true&#8221; box_shadow_style=&#8221;preset3&#8243; box_shadow_vertical=&#8221;3px&#8221; box_shadow_blur=&#8221;10px&#8221; box_shadow_color=&#8221;rgba(0,0,0,0.15)&#8221; locked=&#8221;off&#8221; global_colors_info=&#8221;%91%93&#8243; custom_padding__hover_enabled=&#8221;on|desktop&#8221; custom_padding__hover=&#8221;|40px||40px|false|false&#8221; button_bg_color__hover_enabled=&#8221;on|hover&#8221; button_bg_use_color_gradient__hover=&#8221;on&#8221; button_bg_color__hover=&#8221;#941A25&#8243; button_bg_enable_color__hover=&#8221;on&#8221; button_bg_color_gradient_stops__hover=&#8221;#941a25 0%|#e31e37 100%&#8221; button_bg_color_gradient_direction__hover=&#8221;21deg&#8221;][\/et_pb_button][\/et_pb_column][et_pb_column type=&#8221;1_2&#8243; _builder_version=&#8221;4.27.2&#8243; _module_preset=&#8221;default&#8221; background_enable_color=&#8221;off&#8221; custom_padding=&#8221;0px|0px|0px|0px|true|true&#8221; border_radii=&#8221;on|10px|10px|10px|10px&#8221; global_colors_info=&#8221;{}&#8221;][\/et_pb_column][\/et_pb_row][\/et_pb_section]<\/p>\n","protected":false},"excerpt":{"rendered":"<p>JOB SEEKERSAre You Ready for Something Better?A Different and Better Career is Just One Click Away.Searching for a job or changing it can be a stressful experience that significantly impacts your quality of life. &nbsp;To make the transition to a new job as smooth and quick as possible, we also support job seekers with our [&hellip;]<\/p>\n","protected":false},"author":1,"featured_media":0,"parent":73,"menu_order":0,"comment_status":"closed","ping_status":"closed","template":"","meta":{"_et_pb_use_builder":"on","_et_pb_old_content":"<!-- wp:divi\/placeholder \/-->","_et_gb_content_width":"","footnotes":""},"class_list":["post-480","page","type-page","status-publish","hentry"],"yoast_head":"<!-- This site is optimized with the Yoast SEO plugin v27.5 - https:\/\/yoast.com\/product\/yoast-seo-wordpress\/ -->\r\n<title>For Job Seekers - Career Support and Opportunities<\/title>\r\n<meta name=\"description\" content=\"Looking for a new career opportunity? We provide job seekers with tailored guidance, career coaching &amp; access to top positions in your field.\" \/>\r\n<meta name=\"robots\" content=\"index, follow, max-snippet:-1, max-image-preview:large, max-video-preview:-1\" \/>\r\n<link rel=\"canonical\" href=\"https:\/\/rekruter.si\/?page_id=480\" \/>\r\n<meta property=\"og:locale\" content=\"sl_SI\" \/>\r\n<meta property=\"og:type\" content=\"article\" \/>\r\n<meta property=\"og:title\" content=\"For Job Seekers - Career Support and Opportunities\" \/>\r\n<meta property=\"og:description\" content=\"Looking for a new career opportunity? We provide job seekers with tailored guidance, career coaching &amp; access to top positions in your field.\" \/>\r\n<meta property=\"og:url\" content=\"https:\/\/rekruter.si\/?page_id=480\" \/>\r\n<meta property=\"og:site_name\" content=\"Rekruter\" \/>\r\n<meta property=\"article:publisher\" content=\"https:\/\/www.facebook.com\/RekruterJKPS\" \/>\r\n<meta property=\"article:modified_time\" content=\"2025-01-20T12:53:02+00:00\" \/>\r\n<meta property=\"og:image\" content=\"https:\/\/rekruter.si\/wp-content\/uploads\/2025\/01\/rekruter.jpg\" \/>\r\n\t<meta property=\"og:image:width\" content=\"1200\" \/>\r\n\t<meta property=\"og:image:height\" content=\"675\" \/>\r\n\t<meta property=\"og:image:type\" content=\"image\/jpeg\" \/>\r\n<meta name=\"twitter:card\" content=\"summary_large_image\" \/>\r\n<meta name=\"twitter:label1\" content=\"Est. reading time\" \/>\n\t<meta name=\"twitter:data1\" content=\"2 minuti\" \/>\r\n<script type=\"application\/ld+json\" class=\"yoast-schema-graph\">{\"@context\":\"https:\\\/\\\/schema.org\",\"@graph\":[{\"@type\":\"WebPage\",\"@id\":\"https:\\\/\\\/rekruter.si\\\/?page_id=480\",\"url\":\"https:\\\/\\\/rekruter.si\\\/?page_id=480\",\"name\":\"For Job Seekers - Career Support and Opportunities\",\"isPartOf\":{\"@id\":\"https:\\\/\\\/rekruter.si\\\/#website\"},\"datePublished\":\"2024-11-22T21:27:36+00:00\",\"dateModified\":\"2025-01-20T12:53:02+00:00\",\"description\":\"Looking for a new career opportunity? We provide job seekers with tailored guidance, career coaching & access to top positions in your field.\",\"breadcrumb\":{\"@id\":\"https:\\\/\\\/rekruter.si\\\/?page_id=480#breadcrumb\"},\"inLanguage\":\"sl-SI\",\"potentialAction\":[{\"@type\":\"ReadAction\",\"target\":[\"https:\\\/\\\/rekruter.si\\\/?page_id=480\"]}]},{\"@type\":\"BreadcrumbList\",\"@id\":\"https:\\\/\\\/rekruter.si\\\/?page_id=480#breadcrumb\",\"itemListElement\":[{\"@type\":\"ListItem\",\"position\":1,\"name\":\"Home\",\"item\":\"https:\\\/\\\/rekruter.si\\\/\"},{\"@type\":\"ListItem\",\"position\":2,\"name\":\"En\",\"item\":\"https:\\\/\\\/rekruter.si\\\/?page_id=73\"},{\"@type\":\"ListItem\",\"position\":3,\"name\":\"Job Seekers\"}]},{\"@type\":\"WebSite\",\"@id\":\"https:\\\/\\\/rekruter.si\\\/#website\",\"url\":\"https:\\\/\\\/rekruter.si\\\/\",\"name\":\"Rekruter\",\"description\":\"I\u0161\u010demo druga\u010de, najdemo bolj\u0161e.\",\"publisher\":{\"@id\":\"https:\\\/\\\/rekruter.si\\\/#organization\"},\"potentialAction\":[{\"@type\":\"SearchAction\",\"target\":{\"@type\":\"EntryPoint\",\"urlTemplate\":\"https:\\\/\\\/rekruter.si\\\/?s={search_term_string}\"},\"query-input\":{\"@type\":\"PropertyValueSpecification\",\"valueRequired\":true,\"valueName\":\"search_term_string\"}}],\"inLanguage\":\"sl-SI\"},{\"@type\":\"Organization\",\"@id\":\"https:\\\/\\\/rekruter.si\\\/#organization\",\"name\":\"Rekruter\",\"url\":\"https:\\\/\\\/rekruter.si\\\/\",\"logo\":{\"@type\":\"ImageObject\",\"inLanguage\":\"sl-SI\",\"@id\":\"https:\\\/\\\/rekruter.si\\\/#\\\/schema\\\/logo\\\/image\\\/\",\"url\":\"https:\\\/\\\/rekruter.si\\\/wp-content\\\/uploads\\\/2024\\\/10\\\/Primarni-logo-bela@3x.png\",\"contentUrl\":\"https:\\\/\\\/rekruter.si\\\/wp-content\\\/uploads\\\/2024\\\/10\\\/Primarni-logo-bela@3x.png\",\"width\":1818,\"height\":516,\"caption\":\"Rekruter\"},\"image\":{\"@id\":\"https:\\\/\\\/rekruter.si\\\/#\\\/schema\\\/logo\\\/image\\\/\"},\"sameAs\":[\"https:\\\/\\\/www.facebook.com\\\/RekruterJKPS\",\"https:\\\/\\\/www.linkedin.com\\\/company\\\/rekruter\\\/\"]}]}<\/script>\r\n<!-- \/ Yoast SEO plugin. -->","yoast_head_json":{"title":"For Job Seekers - Career Support and Opportunities","description":"Looking for a new career opportunity? We provide job seekers with tailored guidance, career coaching & access to top positions in your field.","robots":{"index":"index","follow":"follow","max-snippet":"max-snippet:-1","max-image-preview":"max-image-preview:large","max-video-preview":"max-video-preview:-1"},"canonical":"https:\/\/rekruter.si\/?page_id=480","og_locale":"sl_SI","og_type":"article","og_title":"For Job Seekers - Career Support and Opportunities","og_description":"Looking for a new career opportunity? We provide job seekers with tailored guidance, career coaching & access to top positions in your field.","og_url":"https:\/\/rekruter.si\/?page_id=480","og_site_name":"Rekruter","article_publisher":"https:\/\/www.facebook.com\/RekruterJKPS","article_modified_time":"2025-01-20T12:53:02+00:00","og_image":[{"width":1200,"height":675,"url":"https:\/\/rekruter.si\/wp-content\/uploads\/2025\/01\/rekruter.jpg","type":"image\/jpeg"}],"twitter_card":"summary_large_image","twitter_misc":{"Est. reading time":"2 minuti"},"schema":{"@context":"https:\/\/schema.org","@graph":[{"@type":"WebPage","@id":"https:\/\/rekruter.si\/?page_id=480","url":"https:\/\/rekruter.si\/?page_id=480","name":"For Job Seekers - Career Support and Opportunities","isPartOf":{"@id":"https:\/\/rekruter.si\/#website"},"datePublished":"2024-11-22T21:27:36+00:00","dateModified":"2025-01-20T12:53:02+00:00","description":"Looking for a new career opportunity? We provide job seekers with tailored guidance, career coaching & access to top positions in your field.","breadcrumb":{"@id":"https:\/\/rekruter.si\/?page_id=480#breadcrumb"},"inLanguage":"sl-SI","potentialAction":[{"@type":"ReadAction","target":["https:\/\/rekruter.si\/?page_id=480"]}]},{"@type":"BreadcrumbList","@id":"https:\/\/rekruter.si\/?page_id=480#breadcrumb","itemListElement":[{"@type":"ListItem","position":1,"name":"Home","item":"https:\/\/rekruter.si\/"},{"@type":"ListItem","position":2,"name":"En","item":"https:\/\/rekruter.si\/?page_id=73"},{"@type":"ListItem","position":3,"name":"Job Seekers"}]},{"@type":"WebSite","@id":"https:\/\/rekruter.si\/#website","url":"https:\/\/rekruter.si\/","name":"Rekruter","description":"I\u0161\u010demo druga\u010de, najdemo bolj\u0161e.","publisher":{"@id":"https:\/\/rekruter.si\/#organization"},"potentialAction":[{"@type":"SearchAction","target":{"@type":"EntryPoint","urlTemplate":"https:\/\/rekruter.si\/?s={search_term_string}"},"query-input":{"@type":"PropertyValueSpecification","valueRequired":true,"valueName":"search_term_string"}}],"inLanguage":"sl-SI"},{"@type":"Organization","@id":"https:\/\/rekruter.si\/#organization","name":"Rekruter","url":"https:\/\/rekruter.si\/","logo":{"@type":"ImageObject","inLanguage":"sl-SI","@id":"https:\/\/rekruter.si\/#\/schema\/logo\/image\/","url":"https:\/\/rekruter.si\/wp-content\/uploads\/2024\/10\/Primarni-logo-bela@3x.png","contentUrl":"https:\/\/rekruter.si\/wp-content\/uploads\/2024\/10\/Primarni-logo-bela@3x.png","width":1818,"height":516,"caption":"Rekruter"},"image":{"@id":"https:\/\/rekruter.si\/#\/schema\/logo\/image\/"},"sameAs":["https:\/\/www.facebook.com\/RekruterJKPS","https:\/\/www.linkedin.com\/company\/rekruter\/"]}]}},"_links":{"self":[{"href":"https:\/\/rekruter.si\/index.php?rest_route=\/wp\/v2\/pages\/480","targetHints":{"allow":["GET"]}}],"collection":[{"href":"https:\/\/rekruter.si\/index.php?rest_route=\/wp\/v2\/pages"}],"about":[{"href":"https:\/\/rekruter.si\/index.php?rest_route=\/wp\/v2\/types\/page"}],"author":[{"embeddable":true,"href":"https:\/\/rekruter.si\/index.php?rest_route=\/wp\/v2\/users\/1"}],"replies":[{"embeddable":true,"href":"https:\/\/rekruter.si\/index.php?rest_route=%2Fwp%2Fv2%2Fcomments&post=480"}],"version-history":[{"count":6,"href":"https:\/\/rekruter.si\/index.php?rest_route=\/wp\/v2\/pages\/480\/revisions"}],"predecessor-version":[{"id":572,"href":"https:\/\/rekruter.si\/index.php?rest_route=\/wp\/v2\/pages\/480\/revisions\/572"}],"up":[{"embeddable":true,"href":"https:\/\/rekruter.si\/index.php?rest_route=\/wp\/v2\/pages\/73"}],"wp:attachment":[{"href":"https:\/\/rekruter.si\/index.php?rest_route=%2Fwp%2Fv2%2Fmedia&parent=480"}],"curies":[{"name":"wp","href":"https:\/\/api.w.org\/{rel}","templated":true}]}}