{"id":18,"date":"2024-10-18T20:33:51","date_gmt":"2024-10-18T19:33:51","guid":{"rendered":"https:\/\/dev.rekruter.si\/?page_id=18"},"modified":"2024-11-21T09:41:55","modified_gmt":"2024-11-21T08:41:55","slug":"kontakt","status":"publish","type":"page","link":"https:\/\/rekruter.si\/?page_id=18","title":{"rendered":"Kontakt"},"content":{"rendered":"<p>[et_pb_section fb_built=&#8221;1&#8243; _builder_version=&#8221;4.27.2&#8243; _module_preset=&#8221;default&#8221; background_image=&#8221;https:\/\/rekruter.si\/wp-content\/uploads\/2024\/11\/hero-kontakt-3-scaled.jpg&#8221; custom_padding=&#8221;80px||80px|||&#8221; hover_enabled=&#8221;0&#8243; background_last_edited=&#8221;on|phone&#8221; use_background_color_gradient_phone=&#8221;on&#8221; background_color_gradient_stops_phone=&#8221;#10161d 0%|rgba(16,22,29,0) 100%&#8221; background_color_gradient_overlays_image_phone=&#8221;on&#8221; background_position_tablet=&#8221;bottom_right&#8221; background_position_phone=&#8221;bottom_center&#8221; global_colors_info=&#8221;{}&#8221; theme_builder_area=&#8221;post_content&#8221; title_text=&#8221;hero-kontakt (3)&#8221; sticky_enabled=&#8221;0&#8243;][et_pb_row column_structure=&#8221;1_2,1_2&#8243; _builder_version=&#8221;4.27.2&#8243; _module_preset=&#8221;default&#8221; hover_enabled=&#8221;0&#8243; global_colors_info=&#8221;{}&#8221; theme_builder_area=&#8221;post_content&#8221; sticky_enabled=&#8221;0&#8243;][et_pb_column type=&#8221;1_2&#8243; _builder_version=&#8221;4.27.2&#8243; _module_preset=&#8221;default&#8221; global_colors_info=&#8221;{}&#8221; theme_builder_area=&#8221;post_content&#8221;][et_pb_text _builder_version=&#8221;4.27.2&#8243; _module_preset=&#8221;default&#8221; text_text_color=&#8221;#C6D2DB&#8221; text_letter_spacing=&#8221;6px&#8221; custom_margin=&#8221;||16px||false|false&#8221; hover_enabled=&#8221;0&#8243; global_colors_info=&#8221;{}&#8221; theme_builder_area=&#8221;post_content&#8221; sticky_enabled=&#8221;0&#8243;]<\/p>\n<p>KONTAKTIRAJTE NAS<\/p>\n<p>[\/et_pb_text][et_pb_text _builder_version=&#8221;4.27.2&#8243; _module_preset=&#8221;default&#8221; header_font=&#8221;|800|||||||&#8221; header_text_color=&#8221;#F2F5F7&#8243; header_font_size=&#8221;56px&#8221; header_line_height=&#8221;1.1em&#8221; custom_margin=&#8221;||24px||false|false&#8221; hover_enabled=&#8221;0&#8243; global_colors_info=&#8221;{}&#8221; theme_builder_area=&#8221;post_content&#8221; sticky_enabled=&#8221;0&#8243;]<\/p>\n<h1>Imate vpra\u0161anje ali potrebujete nasvet?<\/h1>\n<p>[\/et_pb_text][et_pb_text _builder_version=&#8221;4.27.2&#8243; _module_preset=&#8221;default&#8221; header_3_text_color=&#8221;#C6D2DB&#8221; header_3_font_size=&#8221;18px&#8221; header_3_line_height=&#8221;1.5em&#8221; hover_enabled=&#8221;0&#8243; global_colors_info=&#8221;{}&#8221; theme_builder_area=&#8221;post_content&#8221; sticky_enabled=&#8221;0&#8243;]<\/p>\n<h3>Pi\u0161ite nam in z veseljem vam bomo pomagali, <br \/>brezpla\u010dno in brez obveze.<\/h3>\n<p>[\/et_pb_text][\/et_pb_column][et_pb_column type=&#8221;1_2&#8243; _builder_version=&#8221;4.27.2&#8243; _module_preset=&#8221;default&#8221; global_colors_info=&#8221;{}&#8221; theme_builder_area=&#8221;post_content&#8221;][\/et_pb_column][\/et_pb_row][\/et_pb_section][et_pb_section fb_built=&#8221;1&#8243; _builder_version=&#8221;4.27.2&#8243; _module_preset=&#8221;default&#8221; custom_padding=&#8221;120px||80px|||&#8221; hover_enabled=&#8221;0&#8243; global_colors_info=&#8221;{}&#8221; theme_builder_area=&#8221;post_content&#8221; sticky_enabled=&#8221;0&#8243; title_text=&#8221;dog-3 (2)&#8221; background_image=&#8221;https:\/\/rekruter.si\/wp-content\/uploads\/2024\/11\/dog-3-2-scaled.jpg&#8221; background_position=&#8221;top_center&#8221;][et_pb_row column_structure=&#8221;1_2,1_2&#8243; _builder_version=&#8221;4.27.2&#8243; _module_preset=&#8221;default&#8221; hover_enabled=&#8221;0&#8243; global_colors_info=&#8221;{}&#8221; theme_builder_area=&#8221;post_content&#8221; sticky_enabled=&#8221;0&#8243; custom_margin=&#8221;-200px||||false|false&#8221;][et_pb_column type=&#8221;1_2&#8243; _builder_version=&#8221;4.27.2&#8243; _module_preset=&#8221;default&#8221; background_color=&#8221;#E9EFF4&#8243; custom_padding=&#8221;40px|24px|40px|24px|false|false&#8221; border_radii=&#8221;on|10px|10px|10px|10px&#8221; global_colors_info=&#8221;{}&#8221; theme_builder_area=&#8221;post_content&#8221;][et_pb_blurb use_icon=&#8221;on&#8221; font_icon=&#8221;&#xe074;||divi||400&#8243; icon_color=&#8221;#FFFFFF&#8221; image_icon_background_color=&#8221;#E02B20&#8243; icon_placement=&#8221;left&#8221; image_icon_width=&#8221;16px&#8221; _builder_version=&#8221;4.27.2&#8243; _module_preset=&#8221;default&#8221; body_text_color=&#8221;#10161D&#8221; body_font_size=&#8221;16px&#8221; image_icon_custom_margin=&#8221;0px||||false|false&#8221; image_icon_custom_padding=&#8221;16px|16px|16px|16px|true|true&#8221; custom_margin=&#8221;||24px||false|false&#8221; custom_padding=&#8221;||0px||false|false&#8221; hover_enabled=&#8221;0&#8243; border_radii_image=&#8221;on|368px|368px|368px|368px&#8221; locked=&#8221;off&#8221; global_colors_info=&#8221;{}&#8221; theme_builder_area=&#8221;post_content&#8221; sticky_enabled=&#8221;0&#8243;]<\/p>\n<p><strong>REKRUTER, Jkps d.o.o.,<\/strong><br \/>Litostrojska 44d, 1000 Ljubljana<\/p>\n<p>[\/et_pb_blurb][et_pb_blurb use_icon=&#8221;on&#8221; font_icon=&#8221;&#xe090;||divi||400&#8243; icon_color=&#8221;#FFFFFF&#8221; image_icon_background_color=&#8221;#E02B20&#8243; icon_placement=&#8221;left&#8221; image_icon_width=&#8221;16px&#8221; _builder_version=&#8221;4.27.2&#8243; _module_preset=&#8221;default&#8221; body_text_color=&#8221;#10161D&#8221; body_font_size=&#8221;16px&#8221; image_icon_custom_margin=&#8221;0px||||false|false&#8221; image_icon_custom_padding=&#8221;16px|16px|16px|16px|true|true&#8221; custom_margin=&#8221;||35px||false|false&#8221; custom_padding=&#8221;||0px||false|false&#8221; hover_enabled=&#8221;0&#8243; border_radii_image=&#8221;on|368px|368px|368px|368px&#8221; locked=&#8221;off&#8221; global_colors_info=&#8221;{}&#8221; theme_builder_area=&#8221;post_content&#8221; sticky_enabled=&#8221;0&#8243;]<\/p>\n<p>Podjetja: <strong>+386 41 208 605<\/strong><br \/>Iskalci: <strong>+386 51 350 440<\/strong><\/p>\n<p>[\/et_pb_blurb][et_pb_blurb use_icon=&#8221;on&#8221; font_icon=&#8221;&#xf0e0;||fa||900&#8243; icon_color=&#8221;#FFFFFF&#8221; image_icon_background_color=&#8221;#E02B20&#8243; icon_placement=&#8221;left&#8221; image_icon_width=&#8221;16px&#8221; _builder_version=&#8221;4.27.2&#8243; _module_preset=&#8221;default&#8221; body_text_color=&#8221;#10161D&#8221; body_font_size=&#8221;16px&#8221; image_icon_custom_margin=&#8221;-11px||||false|false&#8221; image_icon_custom_padding=&#8221;16px|16px|16px|16px|true|true&#8221; custom_margin=&#8221;0px||35px||false|false&#8221; custom_padding=&#8221;||0px||false|false&#8221; hover_enabled=&#8221;0&#8243; border_radii_image=&#8221;on|368px|368px|368px|368px&#8221; locked=&#8221;off&#8221; global_colors_info=&#8221;{}&#8221; theme_builder_area=&#8221;post_content&#8221; sticky_enabled=&#8221;0&#8243;]<\/p>\n<p>Email: <strong>info@rekruter.si<\/strong><\/p>\n<p>[\/et_pb_blurb][et_pb_blurb use_icon=&#8221;on&#8221; font_icon=&#8221;&#xe093;||divi||400&#8243; icon_color=&#8221;#FFFFFF&#8221; image_icon_background_color=&#8221;#E02B20&#8243; icon_placement=&#8221;left&#8221; image_icon_width=&#8221;16px&#8221; _builder_version=&#8221;4.27.2&#8243; _module_preset=&#8221;default&#8221; body_text_color=&#8221;#10161D&#8221; body_font_size=&#8221;16px&#8221; image_icon_custom_margin=&#8221;-11px||||false|false&#8221; image_icon_custom_padding=&#8221;16px|16px|16px|16px|true|true&#8221; custom_margin=&#8221;0px||35px||false|false&#8221; custom_padding=&#8221;||0px||false|false&#8221; hover_enabled=&#8221;0&#8243; border_radii_image=&#8221;on|368px|368px|368px|368px&#8221; locked=&#8221;off&#8221; global_colors_info=&#8221;{}&#8221; theme_builder_area=&#8221;post_content&#8221; sticky_enabled=&#8221;0&#8243;]<\/p>\n<p>facebook.com\/<strong>RekruterJKPS<\/strong><\/p>\n<p>[\/et_pb_blurb][et_pb_blurb use_icon=&#8221;on&#8221; font_icon=&#8221;&#xe09d;||divi||400&#8243; icon_color=&#8221;#FFFFFF&#8221; image_icon_background_color=&#8221;#E02B20&#8243; icon_placement=&#8221;left&#8221; image_icon_width=&#8221;16px&#8221; _builder_version=&#8221;4.27.2&#8243; _module_preset=&#8221;default&#8221; body_text_color=&#8221;#10161D&#8221; body_font_size=&#8221;16px&#8221; image_icon_custom_margin=&#8221;-11px||||false|false&#8221; image_icon_custom_padding=&#8221;16px|16px|16px|16px|true|true&#8221; custom_margin=&#8221;0px||35px||false|false&#8221; custom_padding=&#8221;||0px||false|false&#8221; hover_enabled=&#8221;0&#8243; border_radii_image=&#8221;on|368px|368px|368px|368px&#8221; locked=&#8221;off&#8221; global_colors_info=&#8221;{}&#8221; theme_builder_area=&#8221;post_content&#8221; sticky_enabled=&#8221;0&#8243;]<\/p>\n<p>linkedin.com\/<strong>company\/rekruter\/<\/strong><\/p>\n<p>[\/et_pb_blurb][et_pb_text _builder_version=&#8221;4.27.2&#8243; _module_preset=&#8221;default&#8221; header_3_font=&#8221;||||||||&#8221; header_3_text_color=&#8221;#F2F5F7&#8243; header_3_font_size=&#8221;16px&#8221; header_3_line_height=&#8221;1.3em&#8221; hover_enabled=&#8221;0&#8243; global_colors_info=&#8221;{}&#8221; theme_builder_area=&#8221;post_content&#8221; sticky_enabled=&#8221;0&#8243; background_color=&#8221;#10161D&#8221; custom_padding=&#8221;24px|24px|24px|24px|false|false&#8221; custom_margin=&#8221;0px||||false|false&#8221; border_radii=&#8221;on|8px|8px|8px|8px&#8221;]<\/p>\n<h3><strong>Na\u0161a ekipa je vedno na voljo za va\u0161a vpra\u0161anja na katera vam bo odgovorila v najkraj\u0161em mo\u017enem \u010dasu.<\/strong><\/h3>\n<h3>No, razen, \u010de nas boste vpra\u0161ali, na primer, kako se programira CNC stroj. Ampak tudi za to bomo hitro na\u0161li strokovnjaka, ki vam bo pomagal.<\/h3>\n<p>[\/et_pb_text][\/et_pb_column][et_pb_column type=&#8221;1_2&#8243; _builder_version=&#8221;4.27.2&#8243; _module_preset=&#8221;default&#8221; global_colors_info=&#8221;{}&#8221; theme_builder_area=&#8221;post_content&#8221;][et_pb_image src=&#8221;https:\/\/rekruter.si\/wp-content\/uploads\/2024\/10\/border-red-1.png&#8221; title_text=&#8221;border-red&#8221; _builder_version=&#8221;4.27.2&#8243; _module_preset=&#8221;default&#8221; width=&#8221;15%&#8221; global_colors_info=&#8221;{}&#8221; theme_builder_area=&#8221;post_content&#8221;][\/et_pb_image][\/et_pb_column][\/et_pb_row][\/et_pb_section]<\/p>\n","protected":false},"excerpt":{"rendered":"<p>KONTAKTIRAJTE NASImate vpra\u0161anje ali potrebujete nasvet?Pi\u0161ite nam in z veseljem vam bomo pomagali, brezpla\u010dno in brez obveze.REKRUTER, Jkps d.o.o.,Litostrojska 44d, 1000 LjubljanaPodjetja: +386 41 208 605Iskalci: +386 51 350 440Email: info@rekruter.sifacebook.com\/RekruterJKPSlinkedin.com\/company\/rekruter\/Na\u0161a ekipa je vedno na voljo za va\u0161a vpra\u0161anja na katera vam bo odgovorila v najkraj\u0161em mo\u017enem \u010dasu. No, razen, \u010de nas boste vpra\u0161ali, na [&hellip;]<\/p>\n","protected":false},"author":1,"featured_media":0,"parent":0,"menu_order":0,"comment_status":"closed","ping_status":"closed","template":"","meta":{"_et_pb_use_builder":"on","_et_pb_old_content":"<!-- wp:divi\/placeholder \/-->","_et_gb_content_width":"","footnotes":""},"class_list":["post-18","page","type-page","status-publish","hentry"],"yoast_head":"<!-- This site is optimized with the Yoast SEO plugin v27.5 - https:\/\/yoast.com\/product\/yoast-seo-wordpress\/ -->\r\n<title>Kontakt - Stopite v stik z Rekruterjem<\/title>\r\n<meta name=\"description\" content=\"I\u0161\u010dete zanesljivo podjetje za kadrovske storitve ali pomo\u010d pri zaposlovanju? Kontaktirajte Rekruter za najbolj\u0161e re\u0161itve.\" \/>\r\n<meta name=\"robots\" content=\"index, follow, max-snippet:-1, max-image-preview:large, max-video-preview:-1\" \/>\r\n<link rel=\"canonical\" href=\"https:\/\/rekruter.si\/?page_id=18\" \/>\r\n<meta property=\"og:locale\" content=\"sl_SI\" \/>\r\n<meta property=\"og:type\" content=\"article\" \/>\r\n<meta property=\"og:title\" content=\"Kontakt - Stopite v stik z Rekruterjem\" \/>\r\n<meta property=\"og:description\" content=\"I\u0161\u010dete zanesljivo podjetje za kadrovske storitve ali pomo\u010d pri zaposlovanju? Kontaktirajte Rekruter za najbolj\u0161e re\u0161itve.\" \/>\r\n<meta property=\"og:url\" content=\"https:\/\/rekruter.si\/?page_id=18\" \/>\r\n<meta property=\"og:site_name\" content=\"Rekruter\" \/>\r\n<meta property=\"article:publisher\" content=\"https:\/\/www.facebook.com\/RekruterJKPS\" \/>\r\n<meta property=\"article:modified_time\" content=\"2024-11-21T08:41:55+00:00\" \/>\r\n<meta property=\"og:image\" content=\"https:\/\/rekruter.si\/wp-content\/uploads\/2025\/01\/rekruter.jpg\" \/>\r\n\t<meta property=\"og:image:width\" content=\"1200\" \/>\r\n\t<meta property=\"og:image:height\" content=\"675\" \/>\r\n\t<meta property=\"og:image:type\" content=\"image\/jpeg\" \/>\r\n<meta name=\"twitter:card\" content=\"summary_large_image\" \/>\r\n<meta name=\"twitter:label1\" content=\"Est. reading time\" \/>\n\t<meta name=\"twitter:data1\" content=\"1 minuta\" \/>\r\n<script type=\"application\/ld+json\" class=\"yoast-schema-graph\">{\"@context\":\"https:\\\/\\\/schema.org\",\"@graph\":[{\"@type\":\"WebPage\",\"@id\":\"https:\\\/\\\/rekruter.si\\\/?page_id=18\",\"url\":\"https:\\\/\\\/rekruter.si\\\/?page_id=18\",\"name\":\"Kontakt - Stopite v stik z Rekruterjem\",\"isPartOf\":{\"@id\":\"https:\\\/\\\/rekruter.si\\\/#website\"},\"datePublished\":\"2024-10-18T19:33:51+00:00\",\"dateModified\":\"2024-11-21T08:41:55+00:00\",\"description\":\"I\u0161\u010dete zanesljivo podjetje za kadrovske storitve ali pomo\u010d pri zaposlovanju? Kontaktirajte Rekruter za najbolj\u0161e re\u0161itve.\",\"breadcrumb\":{\"@id\":\"https:\\\/\\\/rekruter.si\\\/?page_id=18#breadcrumb\"},\"inLanguage\":\"sl-SI\",\"potentialAction\":[{\"@type\":\"ReadAction\",\"target\":[\"https:\\\/\\\/rekruter.si\\\/?page_id=18\"]}]},{\"@type\":\"BreadcrumbList\",\"@id\":\"https:\\\/\\\/rekruter.si\\\/?page_id=18#breadcrumb\",\"itemListElement\":[{\"@type\":\"ListItem\",\"position\":1,\"name\":\"Home\",\"item\":\"https:\\\/\\\/rekruter.si\\\/\"},{\"@type\":\"ListItem\",\"position\":2,\"name\":\"Kontakt\"}]},{\"@type\":\"WebSite\",\"@id\":\"https:\\\/\\\/rekruter.si\\\/#website\",\"url\":\"https:\\\/\\\/rekruter.si\\\/\",\"name\":\"Rekruter\",\"description\":\"I\u0161\u010demo druga\u010de, najdemo bolj\u0161e.\",\"publisher\":{\"@id\":\"https:\\\/\\\/rekruter.si\\\/#organization\"},\"potentialAction\":[{\"@type\":\"SearchAction\",\"target\":{\"@type\":\"EntryPoint\",\"urlTemplate\":\"https:\\\/\\\/rekruter.si\\\/?s={search_term_string}\"},\"query-input\":{\"@type\":\"PropertyValueSpecification\",\"valueRequired\":true,\"valueName\":\"search_term_string\"}}],\"inLanguage\":\"sl-SI\"},{\"@type\":\"Organization\",\"@id\":\"https:\\\/\\\/rekruter.si\\\/#organization\",\"name\":\"Rekruter\",\"url\":\"https:\\\/\\\/rekruter.si\\\/\",\"logo\":{\"@type\":\"ImageObject\",\"inLanguage\":\"sl-SI\",\"@id\":\"https:\\\/\\\/rekruter.si\\\/#\\\/schema\\\/logo\\\/image\\\/\",\"url\":\"https:\\\/\\\/rekruter.si\\\/wp-content\\\/uploads\\\/2024\\\/10\\\/Primarni-logo-bela@3x.png\",\"contentUrl\":\"https:\\\/\\\/rekruter.si\\\/wp-content\\\/uploads\\\/2024\\\/10\\\/Primarni-logo-bela@3x.png\",\"width\":1818,\"height\":516,\"caption\":\"Rekruter\"},\"image\":{\"@id\":\"https:\\\/\\\/rekruter.si\\\/#\\\/schema\\\/logo\\\/image\\\/\"},\"sameAs\":[\"https:\\\/\\\/www.facebook.com\\\/RekruterJKPS\",\"https:\\\/\\\/www.linkedin.com\\\/company\\\/rekruter\\\/\"]}]}<\/script>\r\n<!-- \/ Yoast SEO plugin. -->","yoast_head_json":{"title":"Kontakt - Stopite v stik z Rekruterjem","description":"I\u0161\u010dete zanesljivo podjetje za kadrovske storitve ali pomo\u010d pri zaposlovanju? Kontaktirajte Rekruter za najbolj\u0161e re\u0161itve.","robots":{"index":"index","follow":"follow","max-snippet":"max-snippet:-1","max-image-preview":"max-image-preview:large","max-video-preview":"max-video-preview:-1"},"canonical":"https:\/\/rekruter.si\/?page_id=18","og_locale":"sl_SI","og_type":"article","og_title":"Kontakt - Stopite v stik z Rekruterjem","og_description":"I\u0161\u010dete zanesljivo podjetje za kadrovske storitve ali pomo\u010d pri zaposlovanju? Kontaktirajte Rekruter za najbolj\u0161e re\u0161itve.","og_url":"https:\/\/rekruter.si\/?page_id=18","og_site_name":"Rekruter","article_publisher":"https:\/\/www.facebook.com\/RekruterJKPS","article_modified_time":"2024-11-21T08:41:55+00:00","og_image":[{"width":1200,"height":675,"url":"https:\/\/rekruter.si\/wp-content\/uploads\/2025\/01\/rekruter.jpg","type":"image\/jpeg"}],"twitter_card":"summary_large_image","twitter_misc":{"Est. reading time":"1 minuta"},"schema":{"@context":"https:\/\/schema.org","@graph":[{"@type":"WebPage","@id":"https:\/\/rekruter.si\/?page_id=18","url":"https:\/\/rekruter.si\/?page_id=18","name":"Kontakt - Stopite v stik z Rekruterjem","isPartOf":{"@id":"https:\/\/rekruter.si\/#website"},"datePublished":"2024-10-18T19:33:51+00:00","dateModified":"2024-11-21T08:41:55+00:00","description":"I\u0161\u010dete zanesljivo podjetje za kadrovske storitve ali pomo\u010d pri zaposlovanju? Kontaktirajte Rekruter za najbolj\u0161e re\u0161itve.","breadcrumb":{"@id":"https:\/\/rekruter.si\/?page_id=18#breadcrumb"},"inLanguage":"sl-SI","potentialAction":[{"@type":"ReadAction","target":["https:\/\/rekruter.si\/?page_id=18"]}]},{"@type":"BreadcrumbList","@id":"https:\/\/rekruter.si\/?page_id=18#breadcrumb","itemListElement":[{"@type":"ListItem","position":1,"name":"Home","item":"https:\/\/rekruter.si\/"},{"@type":"ListItem","position":2,"name":"Kontakt"}]},{"@type":"WebSite","@id":"https:\/\/rekruter.si\/#website","url":"https:\/\/rekruter.si\/","name":"Rekruter","description":"I\u0161\u010demo druga\u010de, najdemo bolj\u0161e.","publisher":{"@id":"https:\/\/rekruter.si\/#organization"},"potentialAction":[{"@type":"SearchAction","target":{"@type":"EntryPoint","urlTemplate":"https:\/\/rekruter.si\/?s={search_term_string}"},"query-input":{"@type":"PropertyValueSpecification","valueRequired":true,"valueName":"search_term_string"}}],"inLanguage":"sl-SI"},{"@type":"Organization","@id":"https:\/\/rekruter.si\/#organization","name":"Rekruter","url":"https:\/\/rekruter.si\/","logo":{"@type":"ImageObject","inLanguage":"sl-SI","@id":"https:\/\/rekruter.si\/#\/schema\/logo\/image\/","url":"https:\/\/rekruter.si\/wp-content\/uploads\/2024\/10\/Primarni-logo-bela@3x.png","contentUrl":"https:\/\/rekruter.si\/wp-content\/uploads\/2024\/10\/Primarni-logo-bela@3x.png","width":1818,"height":516,"caption":"Rekruter"},"image":{"@id":"https:\/\/rekruter.si\/#\/schema\/logo\/image\/"},"sameAs":["https:\/\/www.facebook.com\/RekruterJKPS","https:\/\/www.linkedin.com\/company\/rekruter\/"]}]}},"_links":{"self":[{"href":"https:\/\/rekruter.si\/index.php?rest_route=\/wp\/v2\/pages\/18","targetHints":{"allow":["GET"]}}],"collection":[{"href":"https:\/\/rekruter.si\/index.php?rest_route=\/wp\/v2\/pages"}],"about":[{"href":"https:\/\/rekruter.si\/index.php?rest_route=\/wp\/v2\/types\/page"}],"author":[{"embeddable":true,"href":"https:\/\/rekruter.si\/index.php?rest_route=\/wp\/v2\/users\/1"}],"replies":[{"embeddable":true,"href":"https:\/\/rekruter.si\/index.php?rest_route=%2Fwp%2Fv2%2Fcomments&post=18"}],"version-history":[{"count":6,"href":"https:\/\/rekruter.si\/index.php?rest_route=\/wp\/v2\/pages\/18\/revisions"}],"predecessor-version":[{"id":375,"href":"https:\/\/rekruter.si\/index.php?rest_route=\/wp\/v2\/pages\/18\/revisions\/375"}],"wp:attachment":[{"href":"https:\/\/rekruter.si\/index.php?rest_route=%2Fwp%2Fv2%2Fmedia&parent=18"}],"curies":[{"name":"wp","href":"https:\/\/api.w.org\/{rel}","templated":true}]}}