{"id":16,"date":"2024-10-18T20:33:34","date_gmt":"2024-10-18T19:33:34","guid":{"rendered":"https:\/\/dev.rekruter.si\/?page_id=16"},"modified":"2024-11-21T09:40:40","modified_gmt":"2024-11-21T08:40:40","slug":"blog","status":"publish","type":"page","link":"https:\/\/rekruter.si\/?page_id=16","title":{"rendered":"Blog"},"content":{"rendered":"\n[et_pb_section fb_built=&#8221;1&#8243; _builder_version=&#8221;4.27.2&#8243; _module_preset=&#8221;default&#8221; background_image=&#8221;https:\/\/rekruter.si\/wp-content\/uploads\/2024\/11\/hero-blog-1-scaled.jpg&#8221; custom_padding=&#8221;80px||80px|||&#8221; background_last_edited=&#8221;on|desktop&#8221; use_background_color_gradient_phone=&#8221;on&#8221; background_color_gradient_stops_phone=&#8221;#10161d 0%|rgba(16,22,29,0) 100%&#8221; background_color_gradient_overlays_image_phone=&#8221;on&#8221; background_position_tablet=&#8221;bottom_right&#8221; background_position_phone=&#8221;bottom_right&#8221; global_colors_info=&#8221;{}&#8221;][et_pb_row column_structure=&#8221;1_2,1_2&#8243; _builder_version=&#8221;4.27.2&#8243; _module_preset=&#8221;default&#8221; global_colors_info=&#8221;{}&#8221;][et_pb_column type=&#8221;1_2&#8243; _builder_version=&#8221;4.27.2&#8243; _module_preset=&#8221;default&#8221; global_colors_info=&#8221;{}&#8221;][et_pb_text _builder_version=&#8221;4.27.2&#8243; _module_preset=&#8221;default&#8221; header_font=&#8221;|800|||||||&#8221; header_text_color=&#8221;#F2F5F7&#8243; header_font_size=&#8221;40px&#8221; header_line_height=&#8221;48px&#8221; custom_margin=&#8221;||24px||false|false&#8221; global_colors_info=&#8221;{}&#8221;]<h1>Spremljajte na\u0161 blog za najnovej\u0161e trende v <span style=\"color: #E31E37;\">kadrovskih storitvah<\/span>, nasvete za karierni razvoj in novosti iz sveta zaposlovanja.<\/h1>[\/et_pb_text][et_pb_text _builder_version=&#8221;4.27.2&#8243; _module_preset=&#8221;default&#8221; header_3_text_color=&#8221;#C6D2DB&#8221; header_3_font_size=&#8221;18px&#8221; header_3_line_height=&#8221;1.5em&#8221; global_colors_info=&#8221;{}&#8221;]<h3>Preberite zanimive zgodbe in intervjuje z uspe\u0161nimi strokovnjaki s podro\u010dja headhuntinga in upravljanja z zaposlenimi. \u010ce boste imeli sre\u010do, pa morda najdete tudi kak\u0161en zapis o na\u0161i ekipi in kako se Rekruterji zabavamo v prostem \u010dasu.<\/h3>[\/et_pb_text][\/et_pb_column][et_pb_column type=&#8221;1_2&#8243; _builder_version=&#8221;4.27.2&#8243; _module_preset=&#8221;default&#8221; global_colors_info=&#8221;{}&#8221;][\/et_pb_column][\/et_pb_row][\/et_pb_section][et_pb_section fb_built=&#8221;1&#8243; _builder_version=&#8221;4.27.2&#8243; _module_preset=&#8221;default&#8221; background_color=&#8221;#E9EFF4&#8243; locked=&#8221;off&#8221; global_colors_info=&#8221;{}&#8221;][et_pb_row _builder_version=&#8221;4.27.2&#8243; _module_preset=&#8221;default&#8221; global_colors_info=&#8221;{}&#8221;][et_pb_column type=&#8221;4_4&#8243; _builder_version=&#8221;4.27.2&#8243; _module_preset=&#8221;default&#8221; global_colors_info=&#8221;{}&#8221;][et_pb_text _builder_version=&#8221;4.27.2&#8243; _module_preset=&#8221;default&#8221; header_3_font=&#8221;|800|||||||&#8221; header_3_text_color=&#8221;#10161D&#8221; header_3_font_size=&#8221;40px&#8221; header_3_line_height=&#8221;1.3em&#8221; custom_padding=&#8221;||16px||false|false&#8221; global_colors_info=&#8221;{}&#8221;]<h3>Zadnji blog zapisi<\/h3>[\/et_pb_text][et_pb_blog fullwidth=&#8221;off&#8221; posts_number=&#8221;6&#8243; excerpt_length=&#8221;80&#8243; show_more=&#8221;on&#8221; show_author=&#8221;off&#8221; show_date=&#8221;off&#8221; show_categories=&#8221;off&#8221; use_overlay=&#8221;on&#8221; overlay_icon_color=&#8221;#F2F5F7&#8243; hover_overlay_color=&#8221;rgba(16,22,29,0.7)&#8221; hover_icon=&#8221;&#xf06e;||fa||900&#8243; _builder_version=&#8221;4.27.2&#8243; _module_preset=&#8221;default&#8221; header_font=&#8221;|700|||||||&#8221; header_text_color=&#8221;#10161D&#8221; header_line_height=&#8221;1.3em&#8221; body_text_color=&#8221;#344550&#8243; meta_text_color=&#8221;#F2F5F7&#8243; read_more_text_color=&#8221;#ffffff&#8221; custom_margin=&#8221;||16px||false|false&#8221; custom_padding=&#8221;||||false|false&#8221; hover_enabled=&#8221;0&#8243; custom_css_read_more=&#8221;border-radius: 3px;||background: linear-gradient(#941a25 0%, #e31e37 100%);||box-shadow: 0px 3px 10px rgba(0, 0, 0, 0.15);||color: #ffffff;||padding: 14px 40px;||margin-top: 24px;||margin-bottom: 8px;||display: inline-block;&#8221; border_radii=&#8221;on|5px|5px|5px|5px&#8221; border_width_all=&#8221;0px&#8221; box_shadow_style=&#8221;preset1&#8243; box_shadow_blur=&#8221;40px&#8221; box_shadow_color=&#8221;rgba(0,0,0,0.15)&#8221; global_colors_info=&#8221;{}&#8221; sticky_enabled=&#8221;0&#8243;][\/et_pb_blog][\/et_pb_column][\/et_pb_row][\/et_pb_section][et_pb_section fb_built=&#8221;1&#8243; _builder_version=&#8221;4.27.2&#8243; _module_preset=&#8221;default&#8221; custom_padding=&#8221;0px||0px||false|false&#8221; global_colors_info=&#8221;{}&#8221;][et_pb_row column_structure=&#8221;1_2,1_2&#8243; make_equal=&#8221;on&#8221; _builder_version=&#8221;4.27.2&#8243; _module_preset=&#8221;default&#8221; custom_padding=&#8221;0px||0px||false|false&#8221; global_colors_info=&#8221;{}&#8221;][et_pb_column type=&#8221;1_2&#8243; _builder_version=&#8221;4.27.2&#8243; _module_preset=&#8221;default&#8221; background_image=&#8221;https:\/\/rekruter.si\/wp-content\/uploads\/2024\/11\/dog-2-2.png&#8221; custom_padding=&#8221;||||false|false&#8221; global_colors_info=&#8221;{}&#8221;][\/et_pb_column][et_pb_column type=&#8221;1_2&#8243; _builder_version=&#8221;4.27.2&#8243; _module_preset=&#8221;default&#8221; custom_padding=&#8221;80px||80px||true|false&#8221; global_colors_info=&#8221;{}&#8221;][et_pb_text _builder_version=&#8221;4.27.2&#8243; _module_preset=&#8221;default&#8221; text_text_color=&#8221;#C6D2DB&#8221; text_letter_spacing=&#8221;6px&#8221; custom_margin=&#8221;||12px|||&#8221; global_colors_info=&#8221;{}&#8221;]<p>ZA PODJETJA<\/p>[\/et_pb_text][et_pb_text _builder_version=&#8221;4.27.2&#8243; _module_preset=&#8221;default&#8221; text_font=&#8221;|300|||||||&#8221; text_text_color=&#8221;#10161D&#8221; text_font_size=&#8221;40px&#8221; text_line_height=&#8221;1.3em&#8221; custom_margin=&#8221;||40px|||&#8221; global_colors_info=&#8221;{}&#8221;]<p>Vas zanima,<br \/>kaj vse vam lahko<br \/><span style=\"font-weight: 900;\">\u0161e ponudimo?<\/span><\/p>[\/et_pb_text][et_pb_button button_url=&#8221;@ET-DC@eyJkeW5hbWljIjp0cnVlLCJjb250ZW50IjoicG9zdF9saW5rX3VybF9wYWdlIiwic2V0dGluZ3MiOnsicG9zdF9pZCI6IjIyIn19@&#8221; button_text=&#8221;Storitve za podjetja&#8221; admin_label=&#8221;Button &#8211; Log In&#8221; _builder_version=&#8221;4.27.2&#8243; _dynamic_attributes=&#8221;button_url&#8221; _module_preset=&#8221;default&#8221; custom_button=&#8221;on&#8221; button_text_size=&#8221;12px&#8221; button_text_color=&#8221;#FFFFFF&#8221; button_bg_use_color_gradient=&#8221;on&#8221; button_bg_color_gradient_direction=&#8221;215deg&#8221; button_bg_color_gradient_stops=&#8221;#941a25 0%|#e31e37 100%&#8221; button_border_width=&#8221;0px&#8221; button_border_color=&#8221;#2C3333&#8243; button_border_radius=&#8221;3px&#8221; button_font=&#8221;&#8211;et_global_body_font|700|||||||&#8221; button_use_icon=&#8221;off&#8221; custom_margin=&#8221;|16px|0px||false|false&#8221; custom_padding=&#8221;13px|40px|13px|40px|true|true&#8221; box_shadow_style=&#8221;preset3&#8243; box_shadow_vertical=&#8221;3px&#8221; box_shadow_blur=&#8221;10px&#8221; box_shadow_color=&#8221;rgba(0,0,0,0.15)&#8221; locked=&#8221;off&#8221; global_colors_info=&#8221;%91%93&#8243; custom_padding__hover_enabled=&#8221;on|desktop&#8221; custom_padding__hover=&#8221;|40px||40px|false|false&#8221; button_bg_color__hover_enabled=&#8221;on|hover&#8221; button_bg_use_color_gradient__hover=&#8221;on&#8221; button_bg_color__hover=&#8221;#941A25&#8243; button_bg_enable_color__hover=&#8221;on&#8221; button_bg_color_gradient_stops__hover=&#8221;#941a25 0%|#e31e37 100%&#8221; button_bg_color_gradient_direction__hover=&#8221;21deg&#8221;][\/et_pb_button][\/et_pb_column][\/et_pb_row][\/et_pb_section]\n","protected":false},"excerpt":{"rendered":"<p>Spremljajte na\u0161 blog za najnovej\u0161e trende v kadrovskih storitvah, nasvete za karierni razvoj in novosti iz sveta zaposlovanja.Preberite zanimive zgodbe in intervjuje z uspe\u0161nimi strokovnjaki s podro\u010dja headhuntinga in upravljanja z zaposlenimi. \u010ce boste imeli sre\u010do, pa morda najdete tudi kak\u0161en zapis o na\u0161i ekipi in kako se Rekruterji zabavamo v prostem \u010dasu.Zadnji blog zapisiZA [&hellip;]<\/p>\n","protected":false},"author":1,"featured_media":0,"parent":0,"menu_order":0,"comment_status":"closed","ping_status":"closed","template":"","meta":{"_et_pb_use_builder":"on","_et_pb_old_content":"","_et_gb_content_width":"","footnotes":""},"class_list":["post-16","page","type-page","status-publish","hentry"],"yoast_head":"<!-- This site is optimized with the Yoast SEO plugin v27.5 - https:\/\/yoast.com\/product\/yoast-seo-wordpress\/ -->\r\n<title>Blog - Nasveti za kadrovske procese in zaposlovanje<\/title>\r\n<meta name=\"description\" content=\"Preberite najnovej\u0161e HR trende, nasvete za iskanje kadrov in zaposlovanje, ter kako optimizirati selekcijo zaposlenih v va\u0161em podjetju.\" \/>\r\n<meta name=\"robots\" content=\"index, follow, max-snippet:-1, max-image-preview:large, max-video-preview:-1\" \/>\r\n<link rel=\"canonical\" href=\"https:\/\/rekruter.si\/?page_id=16\" \/>\r\n<meta property=\"og:locale\" content=\"sl_SI\" \/>\r\n<meta property=\"og:type\" content=\"article\" \/>\r\n<meta property=\"og:title\" content=\"Blog - Nasveti za kadrovske procese in zaposlovanje\" \/>\r\n<meta property=\"og:description\" content=\"Preberite najnovej\u0161e HR trende, nasvete za iskanje kadrov in zaposlovanje, ter kako optimizirati selekcijo zaposlenih v va\u0161em podjetju.\" \/>\r\n<meta property=\"og:url\" content=\"https:\/\/rekruter.si\/?page_id=16\" \/>\r\n<meta property=\"og:site_name\" content=\"Rekruter\" \/>\r\n<meta property=\"article:publisher\" content=\"https:\/\/www.facebook.com\/RekruterJKPS\" \/>\r\n<meta property=\"article:modified_time\" content=\"2024-11-21T08:40:40+00:00\" \/>\r\n<meta property=\"og:image\" content=\"https:\/\/rekruter.si\/wp-content\/uploads\/2025\/01\/rekruter.jpg\" \/>\r\n\t<meta property=\"og:image:width\" content=\"1200\" \/>\r\n\t<meta property=\"og:image:height\" content=\"675\" \/>\r\n\t<meta property=\"og:image:type\" content=\"image\/jpeg\" \/>\r\n<meta name=\"twitter:card\" content=\"summary_large_image\" \/>\r\n<meta name=\"twitter:label1\" content=\"Est. reading time\" \/>\n\t<meta name=\"twitter:data1\" content=\"3 minute\" \/>\r\n<script type=\"application\/ld+json\" class=\"yoast-schema-graph\">{\"@context\":\"https:\\\/\\\/schema.org\",\"@graph\":[{\"@type\":\"WebPage\",\"@id\":\"https:\\\/\\\/rekruter.si\\\/?page_id=16\",\"url\":\"https:\\\/\\\/rekruter.si\\\/?page_id=16\",\"name\":\"Blog - Nasveti za kadrovske procese in zaposlovanje\",\"isPartOf\":{\"@id\":\"https:\\\/\\\/rekruter.si\\\/#website\"},\"datePublished\":\"2024-10-18T19:33:34+00:00\",\"dateModified\":\"2024-11-21T08:40:40+00:00\",\"description\":\"Preberite najnovej\u0161e HR trende, nasvete za iskanje kadrov in zaposlovanje, ter kako optimizirati selekcijo zaposlenih v va\u0161em podjetju.\",\"breadcrumb\":{\"@id\":\"https:\\\/\\\/rekruter.si\\\/?page_id=16#breadcrumb\"},\"inLanguage\":\"sl-SI\",\"potentialAction\":[{\"@type\":\"ReadAction\",\"target\":[\"https:\\\/\\\/rekruter.si\\\/?page_id=16\"]}]},{\"@type\":\"BreadcrumbList\",\"@id\":\"https:\\\/\\\/rekruter.si\\\/?page_id=16#breadcrumb\",\"itemListElement\":[{\"@type\":\"ListItem\",\"position\":1,\"name\":\"Home\",\"item\":\"https:\\\/\\\/rekruter.si\\\/\"},{\"@type\":\"ListItem\",\"position\":2,\"name\":\"Blog\"}]},{\"@type\":\"WebSite\",\"@id\":\"https:\\\/\\\/rekruter.si\\\/#website\",\"url\":\"https:\\\/\\\/rekruter.si\\\/\",\"name\":\"Rekruter\",\"description\":\"I\u0161\u010demo druga\u010de, najdemo bolj\u0161e.\",\"publisher\":{\"@id\":\"https:\\\/\\\/rekruter.si\\\/#organization\"},\"potentialAction\":[{\"@type\":\"SearchAction\",\"target\":{\"@type\":\"EntryPoint\",\"urlTemplate\":\"https:\\\/\\\/rekruter.si\\\/?s={search_term_string}\"},\"query-input\":{\"@type\":\"PropertyValueSpecification\",\"valueRequired\":true,\"valueName\":\"search_term_string\"}}],\"inLanguage\":\"sl-SI\"},{\"@type\":\"Organization\",\"@id\":\"https:\\\/\\\/rekruter.si\\\/#organization\",\"name\":\"Rekruter\",\"url\":\"https:\\\/\\\/rekruter.si\\\/\",\"logo\":{\"@type\":\"ImageObject\",\"inLanguage\":\"sl-SI\",\"@id\":\"https:\\\/\\\/rekruter.si\\\/#\\\/schema\\\/logo\\\/image\\\/\",\"url\":\"https:\\\/\\\/rekruter.si\\\/wp-content\\\/uploads\\\/2024\\\/10\\\/Primarni-logo-bela@3x.png\",\"contentUrl\":\"https:\\\/\\\/rekruter.si\\\/wp-content\\\/uploads\\\/2024\\\/10\\\/Primarni-logo-bela@3x.png\",\"width\":1818,\"height\":516,\"caption\":\"Rekruter\"},\"image\":{\"@id\":\"https:\\\/\\\/rekruter.si\\\/#\\\/schema\\\/logo\\\/image\\\/\"},\"sameAs\":[\"https:\\\/\\\/www.facebook.com\\\/RekruterJKPS\",\"https:\\\/\\\/www.linkedin.com\\\/company\\\/rekruter\\\/\"]}]}<\/script>\r\n<!-- \/ Yoast SEO plugin. -->","yoast_head_json":{"title":"Blog - Nasveti za kadrovske procese in zaposlovanje","description":"Preberite najnovej\u0161e HR trende, nasvete za iskanje kadrov in zaposlovanje, ter kako optimizirati selekcijo zaposlenih v va\u0161em podjetju.","robots":{"index":"index","follow":"follow","max-snippet":"max-snippet:-1","max-image-preview":"max-image-preview:large","max-video-preview":"max-video-preview:-1"},"canonical":"https:\/\/rekruter.si\/?page_id=16","og_locale":"sl_SI","og_type":"article","og_title":"Blog - Nasveti za kadrovske procese in zaposlovanje","og_description":"Preberite najnovej\u0161e HR trende, nasvete za iskanje kadrov in zaposlovanje, ter kako optimizirati selekcijo zaposlenih v va\u0161em podjetju.","og_url":"https:\/\/rekruter.si\/?page_id=16","og_site_name":"Rekruter","article_publisher":"https:\/\/www.facebook.com\/RekruterJKPS","article_modified_time":"2024-11-21T08:40:40+00:00","og_image":[{"width":1200,"height":675,"url":"https:\/\/rekruter.si\/wp-content\/uploads\/2025\/01\/rekruter.jpg","type":"image\/jpeg"}],"twitter_card":"summary_large_image","twitter_misc":{"Est. reading time":"3 minute"},"schema":{"@context":"https:\/\/schema.org","@graph":[{"@type":"WebPage","@id":"https:\/\/rekruter.si\/?page_id=16","url":"https:\/\/rekruter.si\/?page_id=16","name":"Blog - Nasveti za kadrovske procese in zaposlovanje","isPartOf":{"@id":"https:\/\/rekruter.si\/#website"},"datePublished":"2024-10-18T19:33:34+00:00","dateModified":"2024-11-21T08:40:40+00:00","description":"Preberite najnovej\u0161e HR trende, nasvete za iskanje kadrov in zaposlovanje, ter kako optimizirati selekcijo zaposlenih v va\u0161em podjetju.","breadcrumb":{"@id":"https:\/\/rekruter.si\/?page_id=16#breadcrumb"},"inLanguage":"sl-SI","potentialAction":[{"@type":"ReadAction","target":["https:\/\/rekruter.si\/?page_id=16"]}]},{"@type":"BreadcrumbList","@id":"https:\/\/rekruter.si\/?page_id=16#breadcrumb","itemListElement":[{"@type":"ListItem","position":1,"name":"Home","item":"https:\/\/rekruter.si\/"},{"@type":"ListItem","position":2,"name":"Blog"}]},{"@type":"WebSite","@id":"https:\/\/rekruter.si\/#website","url":"https:\/\/rekruter.si\/","name":"Rekruter","description":"I\u0161\u010demo druga\u010de, najdemo bolj\u0161e.","publisher":{"@id":"https:\/\/rekruter.si\/#organization"},"potentialAction":[{"@type":"SearchAction","target":{"@type":"EntryPoint","urlTemplate":"https:\/\/rekruter.si\/?s={search_term_string}"},"query-input":{"@type":"PropertyValueSpecification","valueRequired":true,"valueName":"search_term_string"}}],"inLanguage":"sl-SI"},{"@type":"Organization","@id":"https:\/\/rekruter.si\/#organization","name":"Rekruter","url":"https:\/\/rekruter.si\/","logo":{"@type":"ImageObject","inLanguage":"sl-SI","@id":"https:\/\/rekruter.si\/#\/schema\/logo\/image\/","url":"https:\/\/rekruter.si\/wp-content\/uploads\/2024\/10\/Primarni-logo-bela@3x.png","contentUrl":"https:\/\/rekruter.si\/wp-content\/uploads\/2024\/10\/Primarni-logo-bela@3x.png","width":1818,"height":516,"caption":"Rekruter"},"image":{"@id":"https:\/\/rekruter.si\/#\/schema\/logo\/image\/"},"sameAs":["https:\/\/www.facebook.com\/RekruterJKPS","https:\/\/www.linkedin.com\/company\/rekruter\/"]}]}},"_links":{"self":[{"href":"https:\/\/rekruter.si\/index.php?rest_route=\/wp\/v2\/pages\/16","targetHints":{"allow":["GET"]}}],"collection":[{"href":"https:\/\/rekruter.si\/index.php?rest_route=\/wp\/v2\/pages"}],"about":[{"href":"https:\/\/rekruter.si\/index.php?rest_route=\/wp\/v2\/types\/page"}],"author":[{"embeddable":true,"href":"https:\/\/rekruter.si\/index.php?rest_route=\/wp\/v2\/users\/1"}],"replies":[{"embeddable":true,"href":"https:\/\/rekruter.si\/index.php?rest_route=%2Fwp%2Fv2%2Fcomments&post=16"}],"version-history":[{"count":10,"href":"https:\/\/rekruter.si\/index.php?rest_route=\/wp\/v2\/pages\/16\/revisions"}],"predecessor-version":[{"id":464,"href":"https:\/\/rekruter.si\/index.php?rest_route=\/wp\/v2\/pages\/16\/revisions\/464"}],"wp:attachment":[{"href":"https:\/\/rekruter.si\/index.php?rest_route=%2Fwp%2Fv2%2Fmedia&parent=16"}],"curies":[{"name":"wp","href":"https:\/\/api.w.org\/{rel}","templated":true}]}}